{"id":2353,"date":"2023-08-08T11:13:28","date_gmt":"2023-08-08T10:13:28","guid":{"rendered":"https:\/\/www.jonseredscout.se\/blogg\/jonseredscout-st\/?page_id=2353"},"modified":"2025-09-05T14:56:24","modified_gmt":"2025-09-05T13:56:24","slug":"kontakta-oss","status":"publish","type":"page","link":"https:\/\/jonseredscout.se\/blogg\/kontakta-oss","title":{"rendered":"Kontakta oss"},"content":{"rendered":"\n<p>Du \u00e4r hj\u00e4rtligt v\u00e4lkommen att kontakta oss om du vill bli medlem i v\u00e5r k\u00e5r, veta mer om oss eller n\u00e5got annat. H\u00e4r kan du direkt skicka ett meddelande till oss s\u00e5 f\u00f6rs\u00f6ker vi svara s\u00e5 fort vi kan. Vill du komma i kontakt med n\u00e5gon av scoutledarna s\u00e5 hittar du v\u00e5ra kontaktuppgifter l\u00e4ngre ner p\u00e5 sidan. <\/p>\n\n\n<div class=\"wpforms-container wpforms-container-full wpforms-block wpforms-block-dec0f8ab-3ed0-4975-b2eb-b55593788d7e wpforms-render-modern\" id=\"wpforms-2387\"><form id=\"wpforms-form-2387\" class=\"wpforms-validate wpforms-form wpforms-ajax-form\" data-formid=\"2387\" method=\"post\" enctype=\"multipart\/form-data\" action=\"\/blogg\/wp-json\/wp\/v2\/pages\/2353\" data-token=\"3333a055705ddf49b717417956df48c9\" data-token-time=\"1777618493\"><noscript class=\"wpforms-error-noscript\">Aktivera JavaScript i din webbl\u00e4sare f\u00f6r att fylla i formul\u00e4ret.<\/noscript><div id=\"wpforms-error-noscript\" style=\"display: none;\">Aktivera JavaScript i din webbl\u00e4sare f\u00f6r att fylla i formul\u00e4ret.<\/div><div class=\"wpforms-field-container\"><div id=\"wpforms-2387-field_0-container\" class=\"wpforms-field wpforms-field-name\" data-field-id=\"0\"><label class=\"wpforms-field-label\" for=\"wpforms-2387-field_0\">Namn <span class=\"wpforms-required-label\" aria-hidden=\"true\">*<\/span><\/label><input type=\"text\" id=\"wpforms-2387-field_0\" class=\"wpforms-field-medium wpforms-field-required\" name=\"wpforms[fields][0]\" aria-errormessage=\"wpforms-2387-field_0-error\" required><\/div><div id=\"wpforms-2387-field_1-container\" class=\"wpforms-field wpforms-field-email\" data-field-id=\"1\"><label class=\"wpforms-field-label\" for=\"wpforms-2387-field_1\">E-post <span class=\"wpforms-required-label\" aria-hidden=\"true\">*<\/span><\/label><input type=\"email\" id=\"wpforms-2387-field_1\" class=\"wpforms-field-medium wpforms-field-required\" name=\"wpforms[fields][1]\" spellcheck=\"false\" aria-errormessage=\"wpforms-2387-field_1-error\" required><\/div><div id=\"wpforms-2387-field_2-container\" class=\"wpforms-field wpforms-field-textarea\" data-field-id=\"2\"><label class=\"wpforms-field-label\" for=\"wpforms-2387-field_2\">Meddelande <span class=\"wpforms-required-label\" aria-hidden=\"true\">*<\/span><\/label><textarea id=\"wpforms-2387-field_2\" class=\"wpforms-field-medium wpforms-field-required\" name=\"wpforms[fields][2]\" aria-errormessage=\"wpforms-2387-field_2-error\" required><\/textarea><\/div><\/div><!-- .wpforms-field-container --><div class=\"wpforms-recaptcha-container wpforms-is-recaptcha wpforms-is-recaptcha-type-v3\" ><input type=\"hidden\" name=\"wpforms[recaptcha]\" value=\"\"><\/div><div class=\"wpforms-submit-container\" ><input type=\"hidden\" name=\"wpforms[id]\" value=\"2387\"><input type=\"hidden\" name=\"page_title\" value=\"\"><input type=\"hidden\" name=\"page_url\" value=\"https:\/\/jonseredscout.se\/blogg\/wp-json\/wp\/v2\/pages\/2353\"><input type=\"hidden\" name=\"url_referer\" value=\"\"><button type=\"submit\" name=\"wpforms[submit]\" id=\"wpforms-submit-2387\" class=\"wpforms-submit\" data-alt-text=\"Skickar...\" data-submit-text=\"Skicka meddelandet\" aria-live=\"assertive\" value=\"wpforms-submit\">Skicka meddelandet<\/button><img loading=\"lazy\" decoding=\"async\" src=\"https:\/\/jonseredscout.se\/blogg\/wp-content\/plugins\/wpforms-lite\/assets\/images\/submit-spin.svg\" class=\"wpforms-submit-spinner\" style=\"display: none;\" width=\"26\" height=\"26\" alt=\"Laddar\"><\/div><\/form><\/div>  <!-- .wpforms-container -->\n\n\n<div id=\"wp-block-themeisle-blocks-advanced-columns-d87d87fb\" class=\"wp-block-themeisle-blocks-advanced-columns alignfull has-1-columns has-desktop-equal-layout has-tablet-equal-layout has-mobile-collapsedRows-layout has-vertical-center ticss-c00aadba\"><div class=\"wp-block-themeisle-blocks-advanced-columns-overlay\"><\/div><div class=\"innerblocks-wrap\">\n<div id=\"wp-block-themeisle-blocks-advanced-column-60dad16e\" class=\"wp-block-themeisle-blocks-advanced-column\">\n<div id=\"wp-block-themeisle-blocks-advanced-columns-d2e20cf0\" class=\"wp-block-themeisle-blocks-advanced-columns has-1-columns has-desktop-equal-layout has-tablet-equal-layout has-mobile-equal-layout has-vertical-center\"><div class=\"wp-block-themeisle-blocks-advanced-columns-overlay\"><\/div><div class=\"innerblocks-wrap\">\n<div id=\"wp-block-themeisle-blocks-advanced-column-05d18d48\" class=\"wp-block-themeisle-blocks-advanced-column\">\n<h2 id=\"wp-block-themeisle-blocks-advanced-heading-a0f1691e\" class=\"wp-block-themeisle-blocks-advanced-heading wp-block-themeisle-blocks-advanced-heading-a0f1691e\">V\u00e5ra scoutledare <\/h2>\n\n\n\n<p>Jonsered Scoutk\u00e5r vore ingenting utan dess engagerade scoutledare! H\u00e4r ser du vilka vi \u00e4r och hur du kan kontakta oss.<\/p>\n<\/div>\n<\/div><\/div>\n\n\n\n<div id=\"wp-block-themeisle-blocks-advanced-columns-be71e345\" class=\"wp-block-themeisle-blocks-advanced-columns has-3-columns has-desktop-equal-layout has-tablet-equal-layout has-mobile-collapsedRows-layout has-vertical-top\"><div class=\"wp-block-themeisle-blocks-advanced-columns-overlay\"><\/div><div class=\"innerblocks-wrap\">\n<div id=\"wp-block-themeisle-blocks-advanced-column-e373838a\" class=\"wp-block-themeisle-blocks-advanced-column\">\n<figure class=\"wp-block-image aligncenter size-full is-style-rounded\"><img loading=\"lazy\" decoding=\"async\" width=\"150\" height=\"150\" src=\"https:\/\/www.jonseredscout.se\/blogg\/wp-content\/uploads\/2023\/08\/spararscout-1-150x150-1.png\" alt=\"\" class=\"wp-image-2342\"\/><\/figure>\n\n\n\n<h3 id=\"wp-block-themeisle-blocks-advanced-heading-a0f377e3\" class=\"wp-block-themeisle-blocks-advanced-heading wp-block-themeisle-blocks-advanced-heading-a0f377e3\">Martin Sandberg, Spejarna<br> <\/h3>\n\n\n\n<p class=\"has-text-align-left\">E-post: martin.s@jonseredscout.se<br>Tel: <a href=\"tel:&quot;0709627623&quot;\">070-962 76 23<\/a><\/p>\n<\/div>\n\n\n\n<div id=\"wp-block-themeisle-blocks-advanced-column-956fcf84\" class=\"wp-block-themeisle-blocks-advanced-column\">\n<figure class=\"wp-block-image aligncenter size-full is-style-rounded\"><img loading=\"lazy\" decoding=\"async\" width=\"150\" height=\"150\" src=\"https:\/\/jonseredscout.se\/blogg\/wp-content\/uploads\/2023\/08\/spararscout-1-150x150-1.png\" alt=\"\" class=\"wp-image-2342\"\/><\/figure>\n\n\n\n<h3 id=\"wp-block-themeisle-blocks-advanced-heading-16fc6df3\" class=\"wp-block-themeisle-blocks-advanced-heading wp-block-themeisle-blocks-advanced-heading-16fc6df3\">Cecilia Janson, Spejarna, vice ordf\u00f6rande<\/h3>\n\n\n\n<p class=\"has-text-align-left\">E-post: cecilia@jonseredscout.se<br>Tel: <a href=\"tel:&quot;0707880429&quot;\">070-788 04 29<\/a><\/p>\n<\/div>\n\n\n\n<div id=\"wp-block-themeisle-blocks-advanced-column-7e32a82b\" class=\"wp-block-themeisle-blocks-advanced-column\">\n<figure class=\"wp-block-image aligncenter size-full is-style-rounded\"><img loading=\"lazy\" decoding=\"async\" width=\"150\" height=\"150\" src=\"https:\/\/jonseredscout.se\/blogg\/wp-content\/uploads\/2023\/08\/upptackarscout-1-150x150-1.png\" alt=\"\" class=\"wp-image-2343\"\/><\/figure>\n\n\n\n<h3 id=\"wp-block-themeisle-blocks-advanced-heading-5cdd08a0\" class=\"wp-block-themeisle-blocks-advanced-heading wp-block-themeisle-blocks-advanced-heading-5cdd08a0\">Nicklas Savonen, Vandrarna, kass\u00f6r<\/h3>\n\n\n\n<p class=\"has-text-align-left\">E-post: nicklas@jonseredscout.se<br>Tel: 070-695 47 72<\/p>\n<\/div>\n<\/div><\/div>\n\n\n\n<div id=\"wp-block-themeisle-blocks-advanced-columns-84c569b4\" class=\"wp-block-themeisle-blocks-advanced-columns has-3-columns has-desktop-equal-layout has-tablet-equal-layout has-mobile-collapsedRows-layout has-vertical-top\"><div class=\"wp-block-themeisle-blocks-advanced-columns-overlay\"><\/div><div class=\"innerblocks-wrap\">\n<div id=\"wp-block-themeisle-blocks-advanced-column-23b5ce32\" class=\"wp-block-themeisle-blocks-advanced-column\">\n<figure class=\"wp-block-image aligncenter size-full is-style-rounded\"><img loading=\"lazy\" decoding=\"async\" width=\"150\" height=\"150\" src=\"https:\/\/jonseredscout.se\/blogg\/wp-content\/uploads\/2023\/08\/aventyraresymbol500x500px-150x150-1.png\" alt=\"\" class=\"wp-image-2346\"\/><\/figure>\n\n\n\n<h3 id=\"wp-block-themeisle-blocks-advanced-heading-6c1f1326\" class=\"wp-block-themeisle-blocks-advanced-heading wp-block-themeisle-blocks-advanced-heading-6c1f1326\">Jari Hjertqvist, nybyggarna, ordf\u00f6rande<\/h3>\n\n\n\n<p class=\"has-text-align-left\">E-post: jari@jonseredscout.se<br>Tel: <a href=\"tel:&quot;0702529161&quot;\">070-252 91 61<\/a><\/p>\n<\/div>\n\n\n\n<div id=\"wp-block-themeisle-blocks-advanced-column-d366ec6a\" class=\"wp-block-themeisle-blocks-advanced-column\">\n<figure class=\"wp-block-image aligncenter size-full is-style-rounded\"><img loading=\"lazy\" decoding=\"async\" width=\"150\" height=\"150\" src=\"https:\/\/jonseredscout.se\/blogg\/wp-content\/uploads\/2023\/08\/utmanarscout-1-150x150-1.png\" alt=\"\" class=\"wp-image-2344\"\/><\/figure>\n\n\n\n<h3 id=\"wp-block-themeisle-blocks-advanced-heading-4206f4ab\" class=\"wp-block-themeisle-blocks-advanced-heading wp-block-themeisle-blocks-advanced-heading-4206f4ab\">Matt Hartman, Utmanarna, materialansvarig<\/h3>\n\n\n\n<p class=\"has-text-align-left\">E-post: matt@jonseredscout.se<br>Tel: 076-553 81 34<\/p>\n<\/div>\n\n\n\n<div id=\"wp-block-themeisle-blocks-advanced-column-f9555589\" class=\"wp-block-themeisle-blocks-advanced-column\">\n<figure class=\"wp-block-image aligncenter size-full is-style-rounded\"><img loading=\"lazy\" decoding=\"async\" width=\"150\" height=\"150\" src=\"https:\/\/jonseredscout.se\/blogg\/wp-content\/uploads\/2023\/08\/upptackarscout-1-150x150-1.png\" alt=\"\" class=\"wp-image-2343\"\/><\/figure>\n\n\n\n<h3 id=\"wp-block-themeisle-blocks-advanced-heading-93f1b79b\" class=\"wp-block-themeisle-blocks-advanced-heading wp-block-themeisle-blocks-advanced-heading-93f1b79b\">Alexander Rehngren, Vandrarna<\/h3>\n\n\n\n<p class=\"has-text-align-left\">E-post: alexander@jonseredscout.se<br>Tel: 070-931 77 68<\/p>\n<\/div>\n<\/div><\/div>\n\n\n\n<div id=\"wp-block-themeisle-blocks-advanced-columns-18f78358\" class=\"wp-block-themeisle-blocks-advanced-columns has-3-columns has-desktop-equal-layout has-tablet-equal-layout has-mobile-collapsedRows-layout has-vertical-top\"><div class=\"wp-block-themeisle-blocks-advanced-columns-overlay\"><\/div><div class=\"innerblocks-wrap\">\n<div id=\"wp-block-themeisle-blocks-advanced-column-5acffd20\" class=\"wp-block-themeisle-blocks-advanced-column\">\n<div class=\"wp-block-uagb-image aligncenter uagb-block-82036a1c wp-block-uagb-image--layout-default wp-block-uagb-image--effect-static wp-block-uagb-image--align-center is-style-rounded\"><figure class=\"wp-block-uagb-image__figure\"><img decoding=\"async\" srcset=\"https:\/\/jonseredscout.se\/blogg\/wp-content\/uploads\/2023\/08\/utmanarscout-1-150x150-1.png ,https:\/\/jonseredscout.se\/blogg\/wp-content\/uploads\/2023\/08\/utmanarscout-1-150x150-1.png 780w, https:\/\/jonseredscout.se\/blogg\/wp-content\/uploads\/2023\/08\/utmanarscout-1-150x150-1.png 360w\" sizes=\"auto, (max-width: 480px) 150px\" src=\"https:\/\/jonseredscout.se\/blogg\/wp-content\/uploads\/2023\/08\/utmanarscout-1-150x150-1.png\" alt=\"\" class=\"uag-image-2344\" width=\"150\" height=\"150\" title=\"\" loading=\"lazy\" role=\"img\"\/><\/figure><\/div>\n\n\n\n<h3 id=\"wp-block-themeisle-blocks-advanced-heading-1e71666a\" class=\"wp-block-themeisle-blocks-advanced-heading wp-block-themeisle-blocks-advanced-heading-1e71666a\">Simon Niklasson, Utmanarna<\/h3>\n\n\n\n<p class=\"has-text-align-left\">E-post: simon@jonseredscout.se<br>Tel: 076-396 70 70<\/p>\n<\/div>\n\n\n\n<div id=\"wp-block-themeisle-blocks-advanced-column-94679232\" class=\"wp-block-themeisle-blocks-advanced-column\">\n<div class=\"wp-block-uagb-image aligncenter uagb-block-4a91ae18 wp-block-uagb-image--layout-default wp-block-uagb-image--effect-static wp-block-uagb-image--align-center is-style-rounded\"><figure class=\"wp-block-uagb-image__figure\"><img decoding=\"async\" srcset=\"https:\/\/jonseredscout.se\/blogg\/wp-content\/uploads\/2023\/08\/spararscout-1-150x150-1.png ,https:\/\/jonseredscout.se\/blogg\/wp-content\/uploads\/2023\/08\/spararscout-1-150x150-1.png 780w, https:\/\/jonseredscout.se\/blogg\/wp-content\/uploads\/2023\/08\/spararscout-1-150x150-1.png 360w\" sizes=\"auto, (max-width: 480px) 150px\" src=\"https:\/\/jonseredscout.se\/blogg\/wp-content\/uploads\/2023\/08\/spararscout-1-150x150-1.png\" alt=\"\" class=\"uag-image-2342\" width=\"150\" height=\"150\" title=\"spararscout-1-150x150-1\" loading=\"lazy\" role=\"img\"\/><\/figure><\/div>\n\n\n\n<h3 id=\"wp-block-themeisle-blocks-advanced-heading-c273d933\" class=\"wp-block-themeisle-blocks-advanced-heading wp-block-themeisle-blocks-advanced-heading-c273d933\">Martin Andersson, Spejarna<br> <\/h3>\n\n\n\n<p class=\"has-text-align-left\">E-post: martin.a@jonseredscout.se<br>Tel: <a href=\"tel:+46709579739\">070-957 97 39<\/a><\/p>\n<\/div>\n\n\n\n<div id=\"wp-block-themeisle-blocks-advanced-column-e6203483\" class=\"wp-block-themeisle-blocks-advanced-column\">\n<div class=\"wp-block-uagb-image aligncenter uagb-block-04861c4a wp-block-uagb-image--layout-default wp-block-uagb-image--effect-static wp-block-uagb-image--align-center is-style-rounded\"><figure class=\"wp-block-uagb-image__figure\"><img decoding=\"async\" srcset=\"https:\/\/jonseredscout.se\/blogg\/wp-content\/uploads\/2023\/08\/aventyraresymbol500x500px-150x150-1.png ,https:\/\/jonseredscout.se\/blogg\/wp-content\/uploads\/2023\/08\/aventyraresymbol500x500px-150x150-1.png 780w, https:\/\/jonseredscout.se\/blogg\/wp-content\/uploads\/2023\/08\/aventyraresymbol500x500px-150x150-1.png 360w\" sizes=\"auto, (max-width: 480px) 150px\" src=\"https:\/\/jonseredscout.se\/blogg\/wp-content\/uploads\/2023\/08\/aventyraresymbol500x500px-150x150-1.png\" alt=\"\" class=\"uag-image-2346\" width=\"150\" height=\"150\" title=\"aventyraresymbol500x500px-150x150-1\" loading=\"lazy\" role=\"img\"\/><\/figure><\/div>\n\n\n\n<h3 id=\"wp-block-themeisle-blocks-advanced-heading-970fdd3b\" class=\"wp-block-themeisle-blocks-advanced-heading wp-block-themeisle-blocks-advanced-heading-970fdd3b\">Jessica Hartman, Nybyggarna<\/h3>\n\n\n\n<p class=\"has-text-align-left\">E-post: jessica@jonseredscout.se<br>Tel: <\/p>\n<\/div>\n<\/div><\/div>\n\n\n\n<div id=\"wp-block-themeisle-blocks-advanced-columns-611d125a\" class=\"wp-block-themeisle-blocks-advanced-columns has-3-columns has-desktop-equal-layout has-tablet-equal-layout has-mobile-collapsedRows-layout has-vertical-top\"><div class=\"wp-block-themeisle-blocks-advanced-columns-overlay\"><\/div><div class=\"innerblocks-wrap\">\n<div id=\"wp-block-themeisle-blocks-advanced-column-576d9a63\" class=\"wp-block-themeisle-blocks-advanced-column\">\n<div class=\"wp-block-uagb-image aligncenter uagb-block-bf7cbd0d wp-block-uagb-image--layout-default wp-block-uagb-image--effect-static wp-block-uagb-image--align-center is-style-rounded\"><figure class=\"wp-block-uagb-image__figure\"><img decoding=\"async\" srcset=\"https:\/\/jonseredscout.se\/blogg\/wp-content\/uploads\/2023\/08\/spararscout-1-150x150-1.png ,https:\/\/jonseredscout.se\/blogg\/wp-content\/uploads\/2023\/08\/spararscout-1-150x150-1.png 780w, https:\/\/jonseredscout.se\/blogg\/wp-content\/uploads\/2023\/08\/spararscout-1-150x150-1.png 360w\" sizes=\"auto, (max-width: 480px) 150px\" src=\"https:\/\/jonseredscout.se\/blogg\/wp-content\/uploads\/2023\/08\/spararscout-1-150x150-1.png\" alt=\"\" class=\"uag-image-2342\" width=\"150\" height=\"150\" title=\"spararscout-1-150x150-1\" loading=\"lazy\" role=\"img\"\/><\/figure><\/div>\n\n\n\n<h3 id=\"wp-block-themeisle-blocks-advanced-heading-6c4c9471\" class=\"wp-block-themeisle-blocks-advanced-heading wp-block-themeisle-blocks-advanced-heading-6c4c9471\">Navid Hadipour, Spejarna, materialansvarig<\/h3>\n\n\n\n<p class=\"has-text-align-left\">E-post: navid@jonseredscout.se<br>Tel: <a href=\"tel:+46725557171\">072-555 71 71<\/a><\/p>\n<\/div>\n\n\n\n<div id=\"wp-block-themeisle-blocks-advanced-column-92d86ddf\" class=\"wp-block-themeisle-blocks-advanced-column\">\n<div class=\"wp-block-uagb-image aligncenter uagb-block-c33446e8 wp-block-uagb-image--layout-default wp-block-uagb-image--effect-static wp-block-uagb-image--align-center is-style-rounded\"><figure class=\"wp-block-uagb-image__figure\"><img decoding=\"async\" srcset=\"https:\/\/jonseredscout.se\/blogg\/wp-content\/uploads\/2023\/08\/spararscout-1-150x150-1.png ,https:\/\/jonseredscout.se\/blogg\/wp-content\/uploads\/2023\/08\/spararscout-1-150x150-1.png 780w, https:\/\/jonseredscout.se\/blogg\/wp-content\/uploads\/2023\/08\/spararscout-1-150x150-1.png 360w\" sizes=\"auto, (max-width: 480px) 150px\" src=\"https:\/\/jonseredscout.se\/blogg\/wp-content\/uploads\/2023\/08\/spararscout-1-150x150-1.png\" alt=\"\" class=\"uag-image-2342\" width=\"150\" height=\"150\" title=\"spararscout-1-150x150-1\" loading=\"lazy\" role=\"img\"\/><\/figure><\/div>\n\n\n\n<h3 id=\"wp-block-themeisle-blocks-advanced-heading-a292cf3b\" class=\"wp-block-themeisle-blocks-advanced-heading wp-block-themeisle-blocks-advanced-heading-a292cf3b\">Malin Andr\u00e9n, Spejarna, sekreterare<\/h3>\n\n\n\n<p class=\"has-text-align-left\">E-post: malin@jonseredscout.se<br>Tel: <a href=\"tel:+46702060947\">070-206 09 47<\/a><\/p>\n<\/div>\n\n\n\n<div id=\"wp-block-themeisle-blocks-advanced-column-4d58c41e\" class=\"wp-block-themeisle-blocks-advanced-column\">\n<div class=\"wp-block-uagb-image aligncenter uagb-block-cb478a0b wp-block-uagb-image--layout-default wp-block-uagb-image--effect-static wp-block-uagb-image--align-center is-style-rounded\"><figure class=\"wp-block-uagb-image__figure\"><img decoding=\"async\" srcset=\"https:\/\/jonseredscout.se\/blogg\/wp-content\/uploads\/2023\/08\/upptackarscout-1-150x150-1.png ,https:\/\/jonseredscout.se\/blogg\/wp-content\/uploads\/2023\/08\/upptackarscout-1-150x150-1.png 780w, https:\/\/jonseredscout.se\/blogg\/wp-content\/uploads\/2023\/08\/upptackarscout-1-150x150-1.png 360w\" sizes=\"auto, (max-width: 480px) 150px\" src=\"https:\/\/jonseredscout.se\/blogg\/wp-content\/uploads\/2023\/08\/upptackarscout-1-150x150-1.png\" alt=\"\" class=\"uag-image-2343\" width=\"150\" height=\"150\" title=\"upptackarscout-1-150x150-1\" loading=\"lazy\" role=\"img\"\/><\/figure><\/div>\n\n\n\n<h3 id=\"wp-block-themeisle-blocks-advanced-heading-3a2dc37e\" class=\"wp-block-themeisle-blocks-advanced-heading wp-block-themeisle-blocks-advanced-heading-3a2dc37e\">Andreas Parck, Vandrarna<br> <\/h3>\n\n\n\n<p class=\"has-text-align-left\">E-post: andreas@jonseredscout.se<br>Tel: 076-127 27 87<\/p>\n<\/div>\n<\/div><\/div>\n<\/div>\n<\/div><\/div>\n\n\n\n<p><\/p>\n","protected":false},"excerpt":{"rendered":"<p>Du \u00e4r hj\u00e4rtligt v\u00e4lkommen att kontakta oss om du vill bli medlem i v\u00e5r k\u00e5r, veta mer om oss eller n\u00e5got annat. H\u00e4r kan du direkt skicka ett meddelande till oss s\u00e5 f\u00f6rs\u00f6ker vi svara s\u00e5 fort vi kan. Vill du komma i kontakt med n\u00e5gon av scoutledarna s\u00e5 hittar du v\u00e5ra kontaktuppgifter l\u00e4ngre ner [&hellip;]<\/p>\n","protected":false},"author":15,"featured_media":0,"parent":0,"menu_order":0,"comment_status":"closed","ping_status":"closed","template":"","meta":{"_uag_custom_page_level_css":"","_themeisle_gutenberg_block_has_review":false,"footnotes":""},"class_list":["post-2353","page","type-page","status-publish","hentry"],"uagb_featured_image_src":{"full":false,"thumbnail":false,"medium":false,"medium_large":false,"large":false,"1536x1536":false,"2048x2048":false},"uagb_author_info":{"display_name":"Nicklas","author_link":"https:\/\/jonseredscout.se\/blogg\/arkiv\/author\/nicklas"},"uagb_comment_info":0,"uagb_excerpt":"Du \u00e4r hj\u00e4rtligt v\u00e4lkommen att kontakta oss om du vill bli medlem i v\u00e5r k\u00e5r, veta mer om oss eller n\u00e5got annat. H\u00e4r kan du direkt skicka ett meddelande till oss s\u00e5 f\u00f6rs\u00f6ker vi svara s\u00e5 fort vi kan. Vill du komma i kontakt med n\u00e5gon av scoutledarna s\u00e5 hittar du v\u00e5ra kontaktuppgifter l\u00e4ngre ner&hellip;","publishpress_future_action":{"enabled":false,"date":"2026-05-08 07:54:53","action":"change-status","newStatus":"draft","terms":[],"taxonomy":"","extraData":[]},"publishpress_future_workflow_manual_trigger":{"enabledWorkflows":[]},"_links":{"self":[{"href":"https:\/\/jonseredscout.se\/blogg\/wp-json\/wp\/v2\/pages\/2353","targetHints":{"allow":["GET"]}}],"collection":[{"href":"https:\/\/jonseredscout.se\/blogg\/wp-json\/wp\/v2\/pages"}],"about":[{"href":"https:\/\/jonseredscout.se\/blogg\/wp-json\/wp\/v2\/types\/page"}],"author":[{"embeddable":true,"href":"https:\/\/jonseredscout.se\/blogg\/wp-json\/wp\/v2\/users\/15"}],"replies":[{"embeddable":true,"href":"https:\/\/jonseredscout.se\/blogg\/wp-json\/wp\/v2\/comments?post=2353"}],"version-history":[{"count":13,"href":"https:\/\/jonseredscout.se\/blogg\/wp-json\/wp\/v2\/pages\/2353\/revisions"}],"predecessor-version":[{"id":2829,"href":"https:\/\/jonseredscout.se\/blogg\/wp-json\/wp\/v2\/pages\/2353\/revisions\/2829"}],"wp:attachment":[{"href":"https:\/\/jonseredscout.se\/blogg\/wp-json\/wp\/v2\/media?parent=2353"}],"curies":[{"name":"wp","href":"https:\/\/api.w.org\/{rel}","templated":true}]}}